{"id":2871,"date":"2025-03-06T11:18:19","date_gmt":"2025-03-06T09:18:19","guid":{"rendered":"https:\/\/aiesec.lt\/?page_id=2871"},"modified":"2025-03-06T11:24:19","modified_gmt":"2025-03-06T09:24:19","slug":"apie-mus-copy","status":"publish","type":"page","link":"https:\/\/aiesec.lt\/en\/apie-mus-copy\/","title":{"rendered":"Apie mus&#8211;copy"},"content":{"rendered":"<div data-colibri-id=\"2871-c1\" class=\"style-384 style-local-2871-c1 position-relative\">\n  <!---->\n  <div data-colibri-component=\"section\" data-colibri-id=\"2871-c13\" id=\"about-2\" class=\"h-section h-section-global-spacing d-flex align-items-lg-center align-items-md-center align-items-center style-397 style-local-2871-c13 position-relative\">\n    <!---->\n    <!---->\n    <div class=\"h-section-grid-container h-section-boxed-container\">\n      <!---->\n      <div data-colibri-id=\"2871-c14\" class=\"h-row-container gutters-row-lg-2 gutters-row-md-2 gutters-row-0 gutters-row-v-lg-2 gutters-row-v-md-2 gutters-row-v-2 style-707 style-local-2871-c14 position-relative\">\n        <!---->\n        <div class=\"h-row justify-content-lg-center justify-content-md-center justify-content-center align-items-lg-stretch align-items-md-stretch align-items-stretch gutters-col-lg-2 gutters-col-md-2 gutters-col-0 gutters-col-v-lg-2 gutters-col-v-md-2 gutters-col-v-2\">\n          <!---->\n          <div class=\"h-column h-column-container d-flex h-col-lg-auto h-col-md-auto h-col-auto style-708-outer style-local-2871-c15-outer\">\n            <div data-colibri-id=\"2871-c15\" class=\"d-flex h-flex-basis h-column__inner h-px-lg-2 h-px-md-2 h-px-2 v-inner-lg-2 v-inner-md-2 v-inner-2 style-708 style-local-2871-c15 position-relative\">\n              <!---->\n              <!---->\n              <div class=\"w-100 h-y-container h-column__content h-column__v-align flex-basis-100 align-self-lg-start align-self-md-start align-self-start\">\n                <!---->\n                <div data-colibri-id=\"2871-c16\" class=\"h-global-transition-all h-heading style-709 style-local-2871-c16 position-relative h-element\">\n                  <!---->\n                  <div class=\"h-heading__outer style-709 style-local-2871-c16\">\n                    <!---->\n                    <!---->\n                    <h1 class=\"\">OUR STORY&nbsp;<\/h1>\n                  <\/div>\n                <\/div>\n              <\/div>\n            <\/div>\n          <\/div>\n        <\/div>\n      <\/div>\n      <div data-colibri-id=\"2871-c17\" class=\"h-row-container gutters-row-lg-0 gutters-row-md-0 gutters-row-0 gutters-row-v-lg-0 gutters-row-v-md-0 gutters-row-v-0 style-398 style-local-2871-c17 position-relative\">\n        <!---->\n        <div class=\"h-row justify-content-lg-center justify-content-md-center justify-content-center align-items-lg-stretch align-items-md-stretch align-items-stretch gutters-col-lg-0 gutters-col-md-0 gutters-col-0 gutters-col-v-lg-0 gutters-col-v-md-0 gutters-col-v-0\">\n          <!---->\n          <div class=\"h-column h-column-container d-flex h-col-lg-auto h-col-md-auto h-col-auto style-399-outer style-local-2871-c18-outer\">\n            <div data-colibri-id=\"2871-c18\" class=\"d-flex h-flex-basis h-column__inner h-px-lg-0 h-px-md-0 h-px-0 v-inner-lg-0 v-inner-md-0 v-inner-0 style-399 style-local-2871-c18 position-relative\">\n              <!---->\n              <!---->\n              <div class=\"w-100 h-y-container h-column__content h-column__v-align flex-basis-100 align-self-lg-start align-self-md-start align-self-start\">\n                <!---->\n                <div data-colibri-id=\"2871-c19\" class=\"h-global-transition-all h-heading style-401 style-local-2871-c19 position-relative h-element\">\n                  <!---->\n                  <div class=\"h-heading__outer style-401 style-local-2871-c19\">\n                    <!---->\n                    <!---->\n                    <h1 class=\"\">1948<\/h1>\n                  <\/div>\n                <\/div>\n                <div data-colibri-id=\"2871-c20\" class=\"h-text h-text-component style-402 style-local-2871-c20 position-relative h-element\">\n                  <!---->\n                  <!---->\n                  <div class=\"\">\n                    <p>AIESEC's story started in 1948, 77 years ago.<\/p>\n                    <p>AIESEC was established in 1948 after World War II, where seven youth across seven countries had a dream of building cross-cultural understanding across nations. They hoped to change the world, one person and one internship at a time.<\/p>\n                  <\/div>\n                <\/div>\n              <\/div>\n            <\/div>\n          <\/div>\n          <div class=\"h-column h-column-container d-flex h-col-lg-auto h-col-md-auto h-col-auto style-403-outer style-local-2871-c21-outer\">\n            <div data-colibri-id=\"2871-c21\" class=\"d-flex h-flex-basis h-column__inner h-ui-empty-state-container h-px-lg-2 h-px-md-2 h-px-2 v-inner-lg-2 v-inner-md-2 v-inner-2 style-403 style-local-2871-c21 position-relative\">\n              <!---->\n              <!---->\n              <div class=\"w-100 h-y-container h-column__content h-column__v-align flex-basis-100\">\n                <!---->\n              <\/div>\n            <\/div>\n          <\/div>\n        <\/div>\n      <\/div>\n    <\/div>\n  <\/div>\n  <div data-colibri-component=\"section\" data-colibri-id=\"2871-c22\" id=\"about-3\" class=\"h-section h-section-global-spacing d-flex align-items-lg-center align-items-md-center align-items-center style-404 style-local-2871-c22 position-relative\">\n    <!---->\n    <!---->\n    <div class=\"h-section-grid-container h-section-boxed-container\">\n      <!---->\n      <div data-colibri-id=\"2871-c23\" class=\"h-row-container gutters-row-lg-0 gutters-row-md-0 gutters-row-0 gutters-row-v-lg-0 gutters-row-v-md-0 gutters-row-v-0 style-405 style-local-2871-c23 position-relative\">\n        <!---->\n        <div class=\"h-row justify-content-lg-center justify-content-md-center justify-content-center align-items-lg-stretch align-items-md-stretch align-items-stretch gutters-col-lg-0 gutters-col-md-0 gutters-col-0 gutters-col-v-lg-0 gutters-col-v-md-0 gutters-col-v-0\">\n          <!---->\n          <div class=\"h-column h-column-container d-flex h-col-lg-auto h-col-md-auto h-col-auto style-406-outer style-local-2871-c24-outer\">\n            <div data-colibri-id=\"2871-c24\" class=\"d-flex h-flex-basis h-column__inner h-ui-empty-state-container h-px-lg-0 h-px-md-0 h-px-0 v-inner-lg-0 v-inner-md-0 v-inner-0 style-406 style-local-2871-c24 position-relative\">\n              <!---->\n              <!---->\n              <div class=\"w-100 h-y-container h-column__content h-column__v-align flex-basis-100\">\n                <!---->\n              <\/div>\n            <\/div>\n          <\/div>\n          <div class=\"h-column h-column-container d-flex h-col-lg-auto h-col-md-auto h-col-auto style-407-outer style-local-2871-c25-outer\">\n            <div data-colibri-id=\"2871-c25\" class=\"d-flex h-flex-basis h-column__inner h-px-lg-2 h-px-md-2 h-px-2 v-inner-lg-2 v-inner-md-2 v-inner-2 style-407 style-local-2871-c25 position-relative\">\n              <!---->\n              <!---->\n              <div class=\"w-100 h-y-container h-column__content h-column__v-align flex-basis-100 align-self-lg-start align-self-md-start align-self-start\">\n                <!---->\n                <div data-colibri-id=\"2871-c26\" class=\"h-global-transition-all h-heading style-713 style-local-2871-c26 position-relative h-element\">\n                  <!---->\n                  <div class=\"h-heading__outer style-713 style-local-2871-c26\">\n                    <!---->\n                    <!---->\n                    <h1 class=\"\">1977<\/h1>\n                  <\/div>\n                <\/div>\n                <div data-colibri-id=\"2871-c27\" class=\"h-global-transition-all h-heading style-409 style-local-2871-c27 position-relative h-element\">\n                  <!---->\n                  <div class=\"h-heading__outer style-409 style-local-2871-c27\">\n                    <!---->\n                    <!---->\n                    <h5 class=\"\">Spread across 6 continents<\/h5>\n                  <\/div>\n                <\/div>\n                <div data-colibri-id=\"2871-c28\" class=\"h-text h-text-component style-410 style-local-2871-c28 position-relative h-element\">\n                  <!---->\n                  <!---->\n                  <div class=\"\">\n                    <p>By 1977, AIESEC was present in 50 countries across six continents! To this date, over 40,000 young people around the world had participated in a leadership development experience.<\/p>\n                  <\/div>\n                <\/div>\n              <\/div>\n            <\/div>\n          <\/div>\n        <\/div>\n      <\/div>\n    <\/div>\n  <\/div>\n  <div data-colibri-component=\"section\" data-colibri-id=\"2871-c29\" id=\"about-4\" class=\"h-section h-section-global-spacing d-flex align-items-lg-center align-items-md-center align-items-center style-411 style-local-2871-c29 position-relative\">\n    <!---->\n    <!---->\n    <div class=\"h-section-grid-container h-section-boxed-container\">\n      <!---->\n      <div data-colibri-id=\"2871-c30\" class=\"h-row-container gutters-row-lg-0 gutters-row-md-0 gutters-row-0 gutters-row-v-lg-0 gutters-row-v-md-0 gutters-row-v-0 style-412 style-local-2871-c30 position-relative\">\n        <!---->\n        <div class=\"h-row justify-content-lg-center justify-content-md-center justify-content-center align-items-lg-stretch align-items-md-stretch align-items-stretch gutters-col-lg-0 gutters-col-md-0 gutters-col-0 gutters-col-v-lg-0 gutters-col-v-md-0 gutters-col-v-0\">\n          <!---->\n          <div class=\"h-column h-column-container d-flex h-col-lg-auto h-col-md-auto h-col-auto style-413-outer style-local-2871-c31-outer\">\n            <div data-colibri-id=\"2871-c31\" class=\"d-flex h-flex-basis h-column__inner h-px-lg-0 h-px-md-0 h-px-0 v-inner-lg-0 v-inner-md-0 v-inner-0 style-413 style-local-2871-c31 position-relative\">\n              <!---->\n              <!---->\n              <div class=\"w-100 h-y-container h-column__content h-column__v-align flex-basis-100 align-self-lg-start align-self-md-start align-self-start\">\n                <!---->\n                <div data-colibri-id=\"2871-c32\" class=\"h-global-transition-all h-heading style-714 style-local-2871-c32 position-relative h-element\">\n                  <!---->\n                  <div class=\"h-heading__outer style-714 style-local-2871-c32\">\n                    <!---->\n                    <!---->\n                    <h1 class=\"\">1991<\/h1>\n                  <\/div>\n                <\/div>\n                <div data-colibri-id=\"2871-c33\" class=\"h-global-transition-all h-heading style-415 style-local-2871-c33 position-relative h-element\">\n                  <!---->\n                  <div class=\"h-heading__outer style-415 style-local-2871-c33\">\n                    <!---->\n                    <!---->\n                    <h5 class=\"\">AIESEC was established in Lithuania.<\/h5>\n                  <\/div>\n                <\/div>\n                <div data-colibri-id=\"2871-c34\" class=\"h-text h-text-component style-416 style-local-2871-c34 position-relative h-element\">\n                  <!---->\n                  <!---->\n                  <div class=\"\">\n                    <p>AIESEC Lithuania has worked closely with academic institutions, businesses, and government organizations to expand its reach and impact. By creating opportunities for cultural exchange, it has helped young Lithuanians gain global experience while also attracting international interns to contribute to local projects.<\/p>\n                  <\/div>\n                <\/div>\n              <\/div>\n            <\/div>\n          <\/div>\n          <div class=\"h-column h-column-container d-flex h-col-lg-auto h-col-md-auto h-col-auto style-417-outer style-local-2871-c35-outer\">\n            <div data-colibri-id=\"2871-c35\" class=\"d-flex h-flex-basis h-column__inner h-ui-empty-state-container h-px-lg-2 h-px-md-2 h-px-2 v-inner-lg-2 v-inner-md-2 v-inner-2 style-417 style-local-2871-c35 position-relative\">\n              <!---->\n              <!---->\n              <div class=\"w-100 h-y-container h-column__content h-column__v-align flex-basis-100\">\n                <!---->\n              <\/div>\n            <\/div>\n          <\/div>\n        <\/div>\n      <\/div>\n    <\/div>\n  <\/div>\n  <div data-colibri-component=\"section\" data-colibri-id=\"2871-c36\" id=\"about-5\" class=\"h-section h-section-global-spacing d-flex align-items-lg-center align-items-md-center align-items-center style-418 style-local-2871-c36 position-relative\">\n    <!---->\n    <!---->\n    <div class=\"h-section-grid-container h-section-boxed-container\">\n      <!---->\n      <div data-colibri-id=\"2871-c37\" class=\"h-row-container gutters-row-lg-0 gutters-row-md-0 gutters-row-0 gutters-row-v-lg-0 gutters-row-v-md-0 gutters-row-v-0 style-419 style-local-2871-c37 position-relative\">\n        <!---->\n        <div class=\"h-row justify-content-lg-center justify-content-md-center justify-content-center align-items-lg-stretch align-items-md-stretch align-items-stretch gutters-col-lg-0 gutters-col-md-0 gutters-col-0 gutters-col-v-lg-0 gutters-col-v-md-0 gutters-col-v-0\">\n          <!---->\n          <div class=\"h-column h-column-container d-flex h-col-lg-auto h-col-md-auto h-col-auto style-420-outer style-local-2871-c38-outer\">\n            <div data-colibri-id=\"2871-c38\" class=\"d-flex h-flex-basis h-column__inner h-ui-empty-state-container h-px-lg-0 h-px-md-0 h-px-0 v-inner-lg-0 v-inner-md-0 v-inner-0 style-420 style-local-2871-c38 position-relative\">\n              <!---->\n              <!---->\n              <div class=\"w-100 h-y-container h-column__content h-column__v-align flex-basis-100\">\n                <!---->\n              <\/div>\n            <\/div>\n          <\/div>\n          <div class=\"h-column h-column-container d-flex h-col-lg-auto h-col-md-auto h-col-auto style-421-outer style-local-2871-c39-outer\">\n            <div data-colibri-id=\"2871-c39\" class=\"d-flex h-flex-basis h-column__inner h-px-lg-2 h-px-md-2 h-px-2 v-inner-lg-2 v-inner-md-2 v-inner-2 style-421 style-local-2871-c39 position-relative\">\n              <!---->\n              <!---->\n              <div class=\"w-100 h-y-container h-column__content h-column__v-align flex-basis-100 align-self-lg-start align-self-md-start align-self-start\">\n                <!---->\n                <div data-colibri-id=\"2871-c40\" class=\"h-global-transition-all h-heading style-715 style-local-2871-c40 position-relative h-element\">\n                  <!---->\n                  <div class=\"h-heading__outer style-715 style-local-2871-c40\">\n                    <!---->\n                    <!---->\n                    <h1 class=\"\">2010<\/h1>\n                  <\/div>\n                <\/div>\n                <div data-colibri-id=\"2871-c41\" class=\"h-global-transition-all h-heading style-423 style-local-2871-c41 position-relative h-element\">\n                  <!---->\n                  <div class=\"h-heading__outer style-423 style-local-2871-c41\">\n                    <!---->\n                    <!---->\n                    <h5 class=\"\">Over 10,000 experiences that year\n                      <br>10,000 experiences.<\/h5>\n                  <\/div>\n                <\/div>\n                <div data-colibri-id=\"2871-c42\" class=\"h-text h-text-component style-424 style-local-2871-c42 position-relative h-element\">\n                  <!---->\n                  <!---->\n                  <div class=\"\">\n                    <p>In 2010, AIESEC crosses 10,000 experiences delivered in one year alone for the first time. By now, over 230,000 experiences have been provided, all facilitated by youth for youth.<\/p>\n                  <\/div>\n                <\/div>\n              <\/div>\n            <\/div>\n          <\/div>\n        <\/div>\n      <\/div>\n    <\/div>\n  <\/div>\n  <div data-colibri-component=\"section\" data-colibri-id=\"2871-c43\" id=\"about-6\" class=\"h-section h-section-global-spacing d-flex align-items-lg-center align-items-md-center align-items-center style-425 style-local-2871-c43 position-relative\">\n    <!---->\n    <!---->\n    <div class=\"h-section-grid-container h-section-boxed-container\">\n      <!---->\n      <div data-colibri-id=\"2871-c44\" class=\"h-row-container gutters-row-lg-0 gutters-row-md-0 gutters-row-0 gutters-row-v-lg-0 gutters-row-v-md-0 gutters-row-v-0 style-426 style-local-2871-c44 position-relative\">\n        <!---->\n        <div class=\"h-row justify-content-lg-center justify-content-md-center justify-content-center align-items-lg-stretch align-items-md-stretch align-items-stretch gutters-col-lg-0 gutters-col-md-0 gutters-col-0 gutters-col-v-lg-0 gutters-col-v-md-0 gutters-col-v-0\">\n          <!---->\n          <div class=\"h-column h-column-container d-flex h-col-lg-auto h-col-md-auto h-col-auto style-427-outer style-local-2871-c45-outer\">\n            <div data-colibri-id=\"2871-c45\" class=\"d-flex h-flex-basis h-column__inner h-px-lg-0 h-px-md-0 h-px-0 v-inner-lg-0 v-inner-md-0 v-inner-0 style-427 style-local-2871-c45 position-relative\">\n              <!---->\n              <!---->\n              <div class=\"w-100 h-y-container h-column__content h-column__v-align flex-basis-100 align-self-lg-start align-self-md-start align-self-start\">\n                <!---->\n                <div data-colibri-id=\"2871-c46\" class=\"h-global-transition-all h-heading style-716 style-local-2871-c46 position-relative h-element\">\n                  <!---->\n                  <div class=\"h-heading__outer style-716 style-local-2871-c46\">\n                    <!---->\n                    <!---->\n                    <h1 class=\"\">2015<\/h1>\n                  <\/div>\n                <\/div>\n                <div data-colibri-id=\"2871-c47\" class=\"h-global-transition-all h-heading style-429 style-local-2871-c47 position-relative h-element\">\n                  <!---->\n                  <div class=\"h-heading__outer style-429 style-local-2871-c47\">\n                    <!---->\n                    <!---->\n                    <h5 class=\"\">Implementing the SDGs<\/h5>\n                  <\/div>\n                <\/div>\n                <div data-colibri-id=\"2871-c48\" class=\"h-text h-text-component style-430 style-local-2871-c48 position-relative h-element\">\n                  <!---->\n                  <!---->\n                  <div class=\"\">\n                    <p>In 2015, AIESEC\u2019s youth leaders from 126 countries and territories in collaboration with the Office of the Secretary-General's Envoy on Youth gathered at the United Nations Headquarters to promote and drive youth participation in implementing the Sustainable Development Goals (SDGs). The relevance and contribution of AIESEC is clearer than ever.<\/p>\n                  <\/div>\n                <\/div>\n              <\/div>\n            <\/div>\n          <\/div>\n          <div class=\"h-column h-column-container d-flex h-col-lg-auto h-col-md-auto h-col-auto style-431-outer style-local-2871-c49-outer\">\n            <div data-colibri-id=\"2871-c49\" class=\"d-flex h-flex-basis h-column__inner h-ui-empty-state-container h-px-lg-2 h-px-md-2 h-px-2 v-inner-lg-2 v-inner-md-2 v-inner-2 style-431 style-local-2871-c49 position-relative\">\n              <!---->\n              <!---->\n              <div class=\"w-100 h-y-container h-column__content h-column__v-align flex-basis-100\">\n                <!---->\n              <\/div>\n            <\/div>\n          <\/div>\n        <\/div>\n      <\/div>\n    <\/div>\n  <\/div>\n<\/div>","protected":false},"excerpt":{"rendered":"<p>M\u016aS\u0172 ISTORIJA&nbsp; 1948 AIESEC istorija prasid\u0117jo 1948 m., prie\u0161 77 metus. \u012esteigtas AIESEC. AIESEC buvo \u012fkurta 1948 m. po Antrojo pasaulinio karo, kai septyni jaunuoliai i\u0161 septyni\u0173 \u0161ali\u0173 svajojo sukurti tarpkult\u016brin\u012f supratim\u0105 tarp taut\u0173. Jie tik\u0117josi pakeisti pasaul\u012f \u2013 po vien\u0105 \u017emog\u0173 ir vien\u0105 sta\u017euot\u0119. 1977 Paplit\u0119s 6 \u017eemynuose. Iki 1977 m. AIESEC veik\u0117 50 [&hellip;]<\/p>","protected":false},"author":1,"featured_media":0,"parent":0,"menu_order":0,"comment_status":"closed","ping_status":"closed","template":"page-templates\/full-width-page.php","meta":{"footnotes":""},"class_list":["post-2871","page","type-page","status-publish","hentry"],"_links":{"self":[{"href":"https:\/\/aiesec.lt\/en\/wp-json\/wp\/v2\/pages\/2871","targetHints":{"allow":["GET"]}}],"collection":[{"href":"https:\/\/aiesec.lt\/en\/wp-json\/wp\/v2\/pages"}],"about":[{"href":"https:\/\/aiesec.lt\/en\/wp-json\/wp\/v2\/types\/page"}],"author":[{"embeddable":true,"href":"https:\/\/aiesec.lt\/en\/wp-json\/wp\/v2\/users\/1"}],"replies":[{"embeddable":true,"href":"https:\/\/aiesec.lt\/en\/wp-json\/wp\/v2\/comments?post=2871"}],"version-history":[{"count":6,"href":"https:\/\/aiesec.lt\/en\/wp-json\/wp\/v2\/pages\/2871\/revisions"}],"predecessor-version":[{"id":2935,"href":"https:\/\/aiesec.lt\/en\/wp-json\/wp\/v2\/pages\/2871\/revisions\/2935"}],"wp:attachment":[{"href":"https:\/\/aiesec.lt\/en\/wp-json\/wp\/v2\/media?parent=2871"}],"curies":[{"name":"wp","href":"https:\/\/api.w.org\/{rel}","templated":true}]}}